{"id":1300,"date":"2023-04-10T04:45:34","date_gmt":"2023-04-10T03:45:34","guid":{"rendered":"https:\/\/itnow.com.tr\/?page_id=1300"},"modified":"2023-04-10T04:48:42","modified_gmt":"2023-04-10T03:48:42","slug":"manageengine-2","status":"publish","type":"page","link":"https:\/\/www.itnow.com.tr\/en\/manageengine-2\/","title":{"rendered":"ManageEngine"},"content":{"rendered":"<div data-elementor-type=\"wp-page\" data-elementor-id=\"1300\" class=\"elementor elementor-1300\">\n\t\t\t\t\t\t\t\t\t<section class=\"elementor-section elementor-top-section elementor-element elementor-element-f6a3fee partners_page_intro elementor-section-full_width elementor-section-height-default elementor-section-height-default\" data-id=\"f6a3fee\" data-element_type=\"section\" data-settings=\"{&quot;background_background&quot;:&quot;classic&quot;}\">\n\t\t\t\t\t\t\t<div class=\"elementor-background-overlay\"><\/div>\n\t\t\t\t\t\t\t<div class=\"elementor-container elementor-column-gap-default\">\n\t\t\t\t\t<div class=\"elementor-column elementor-col-50 elementor-top-column elementor-element elementor-element-19133c1\" data-id=\"19133c1\" data-element_type=\"column\">\n\t\t\t<div class=\"elementor-widget-wrap elementor-element-populated\">\n\t\t\t\t\t\t\t\t<div class=\"elementor-element elementor-element-da63cc0 elementor-widget elementor-widget-image\" data-id=\"da63cc0\" data-element_type=\"widget\" data-widget_type=\"image.default\">\n\t\t\t\t<div class=\"elementor-widget-container\">\n\t\t\t<style>\/*! elementor - v3.12.1 - 02-04-2023 *\/\n.elementor-widget-image{text-align:center}.elementor-widget-image a{display:inline-block}.elementor-widget-image a img[src$=\".svg\"]{width:48px}.elementor-widget-image img{vertical-align:middle;display:inline-block}<\/style>\t\t\t\t\t\t\t\t\t\t\t\t<img decoding=\"async\" width=\"750\" height=\"154\" src=\"https:\/\/www.itnow.com.tr\/wp-content\/uploads\/2023\/04\/manageengine.png\" class=\"attachment-large size-large wp-image-1285\" alt=\"\" loading=\"lazy\" srcset=\"https:\/\/www.itnow.com.tr\/wp-content\/uploads\/2023\/04\/manageengine.png 750w, https:\/\/www.itnow.com.tr\/wp-content\/uploads\/2023\/04\/manageengine-300x62.png 300w, https:\/\/www.itnow.com.tr\/wp-content\/uploads\/2023\/04\/manageengine-18x4.png 18w, https:\/\/www.itnow.com.tr\/wp-content\/uploads\/2023\/04\/manageengine-200x41.png 200w\" sizes=\"(max-width: 750px) 100vw, 750px\" \/>\t\t\t\t\t\t\t\t\t\t\t\t\t\t\t<\/div>\n\t\t\t\t<\/div>\n\t\t\t\t\t<\/div>\n\t\t<\/div>\n\t\t\t\t<div class=\"elementor-column elementor-col-50 elementor-top-column elementor-element elementor-element-3fff342\" data-id=\"3fff342\" data-element_type=\"column\">\n\t\t\t<div class=\"elementor-widget-wrap elementor-element-populated\">\n\t\t\t\t\t\t\t\t<div class=\"elementor-element elementor-element-5e30313 elementor-widget elementor-widget-heading\" data-id=\"5e30313\" data-element_type=\"widget\" data-widget_type=\"heading.default\">\n\t\t\t\t<div class=\"elementor-widget-container\">\n\t\t\t<style>\/*! elementor - v3.12.1 - 02-04-2023 *\/\n.elementor-heading-title{padding:0;margin:0;line-height:1}.elementor-widget-heading .elementor-heading-title[class*=elementor-size-]>a{color:inherit;font-size:inherit;line-height:inherit}.elementor-widget-heading .elementor-heading-title.elementor-size-small{font-size:15px}.elementor-widget-heading .elementor-heading-title.elementor-size-medium{font-size:19px}.elementor-widget-heading .elementor-heading-title.elementor-size-large{font-size:29px}.elementor-widget-heading .elementor-heading-title.elementor-size-xl{font-size:39px}.elementor-widget-heading .elementor-heading-title.elementor-size-xxl{font-size:59px}<\/style><h2 class=\"elementor-heading-title elementor-size-default\">ManageEngine<\/h2>\t\t<\/div>\n\t\t\t\t<\/div>\n\t\t\t\t<div class=\"elementor-element elementor-element-fc34ca1 elementor-widget elementor-widget-text-editor\" data-id=\"fc34ca1\" data-element_type=\"widget\" data-widget_type=\"text-editor.default\">\n\t\t\t\t<div class=\"elementor-widget-container\">\n\t\t\t<style>\/*! elementor - v3.12.1 - 02-04-2023 *\/\n.elementor-widget-text-editor.elementor-drop-cap-view-stacked .elementor-drop-cap{background-color:#69727d;color:#fff}.elementor-widget-text-editor.elementor-drop-cap-view-framed .elementor-drop-cap{color:#69727d;border:3px solid;background-color:transparent}.elementor-widget-text-editor:not(.elementor-drop-cap-view-default) .elementor-drop-cap{margin-top:8px}.elementor-widget-text-editor:not(.elementor-drop-cap-view-default) .elementor-drop-cap-letter{width:1em;height:1em}.elementor-widget-text-editor .elementor-drop-cap{float:left;text-align:center;line-height:1;font-size:50px}.elementor-widget-text-editor .elementor-drop-cap-letter{display:inline-block}<\/style>\t\t\t\t<p>ManageEngine, A\u011flar, Sunucular, Uygulamalar, Hizmet Masas\u0131, Active Directory, G\u00fcvenlik, Masa\u00fcst\u00fc Bilgisayarlar ve Mobil Cihazlar dahil olmak \u00fczere t\u00fcm BT operasyonlar\u0131n\u0131z\u0131 y\u00f6netmenize yard\u0131mc\u0131 olacak 60&#8217;tan fazla kurumsal BT y\u00f6netim arac\u0131 sunar. BT&#8217;yi de birlikte y\u00f6netebilmenizi sa\u011flamak i\u00e7in ara\u00e7lar\u0131m\u0131z\u0131 ba\u011flamsal entegrasyonla s\u0131f\u0131rdan olu\u015fturduk.<\/p><p>Hizmet y\u00f6netimi, kimlik ve eri\u015fim y\u00f6netimi, g\u00fcvenlik bilgileri ve olay y\u00f6netimi, birle\u015fik a\u011f izleme, birle\u015fik u\u00e7 nokta y\u00f6netimi ve g\u00fcvenlik ve BT analiti\u011fi i\u00e7in \u00e7\u00f6z\u00fcmlerimizin sundu\u011fu t\u00fcm entegrasyonlara g\u00f6z at\u0131n.<\/p><p>BT&#8217;yi basitle\u015ftirmek istiyoruz. Ve hay\u0131r, s\u0131n\u0131rl\u0131 i\u015flevsellikten bahsetmiyoruz. Tam i\u015flevsellikten, ihtiyac\u0131n\u0131z olan her \u015feyin, bilgisayar\u0131n\u0131z\u0131 duvara atmak istemenize neden olmayacak bir kullan\u0131c\u0131 aray\u00fcz\u00fcnde d\u00fczenlenmesinden bahsediyoruz. Bunun da \u00f6tesinde, uygulamalar\u0131m\u0131z\u0131n indirilmesi, kurulmas\u0131, yap\u0131land\u0131r\u0131lmas\u0131 ve devreye al\u0131nmas\u0131, hi\u00e7bir \u00fc\u00e7\u00fcnc\u00fc taraf destek hizmeti veya yard\u0131ma ihtiya\u00e7 duyulmadan kolayd\u0131r.<\/p>\t\t\t\t\t\t<\/div>\n\t\t\t\t<\/div>\n\t\t\t\t\t<\/div>\n\t\t<\/div>\n\t\t\t\t\t\t\t<\/div>\n\t\t<\/section>\n\t\t\t\t<section class=\"elementor-section elementor-top-section elementor-element elementor-element-d79a72f contact_us_banner elementor-section-boxed elementor-section-height-default elementor-section-height-default\" data-id=\"d79a72f\" data-element_type=\"section\" data-settings=\"{&quot;background_background&quot;:&quot;classic&quot;}\">\n\t\t\t\t\t\t<div class=\"elementor-container elementor-column-gap-default\">\n\t\t\t\t\t<div class=\"elementor-column elementor-col-50 elementor-top-column elementor-element elementor-element-80e6836\" data-id=\"80e6836\" data-element_type=\"column\">\n\t\t\t<div class=\"elementor-widget-wrap elementor-element-populated\">\n\t\t\t\t\t\t\t\t<div class=\"elementor-element elementor-element-2dc8a8f elementor-widget elementor-widget-heading\" data-id=\"2dc8a8f\" data-element_type=\"widget\" data-widget_type=\"heading.default\">\n\t\t\t\t<div class=\"elementor-widget-container\">\n\t\t\t<h2 class=\"elementor-heading-title elementor-size-default\">Contact Us<\/h2>\t\t<\/div>\n\t\t\t\t<\/div>\n\t\t\t\t\t<\/div>\n\t\t<\/div>\n\t\t\t\t<div class=\"elementor-column elementor-col-50 elementor-top-column elementor-element elementor-element-8735ec5\" data-id=\"8735ec5\" data-element_type=\"column\">\n\t\t\t<div class=\"elementor-widget-wrap elementor-element-populated\">\n\t\t\t\t\t\t\t\t<div class=\"elementor-element elementor-element-8013b05 elementor-align-center elementor-widget elementor-widget-button\" data-id=\"8013b05\" data-element_type=\"widget\" data-widget_type=\"button.default\">\n\t\t\t\t<div class=\"elementor-widget-container\">\n\t\t\t\t\t<div class=\"elementor-button-wrapper\">\n\t\t\t<a href=\"https:\/\/www.itnow.com.tr\/en\/contact-us\/\" class=\"elementor-button-link elementor-button elementor-size-sm\" role=\"button\">\n\t\t\t\t\t\t<span class=\"elementor-button-content-wrapper\">\n\t\t\t\t\t\t<span class=\"elementor-button-text\">GET STARTED<\/span>\n\t\t<\/span>\n\t\t\t\t\t<\/a>\n\t\t<\/div>\n\t\t\t\t<\/div>\n\t\t\t\t<\/div>\n\t\t\t\t\t<\/div>\n\t\t<\/div>\n\t\t\t\t\t\t\t<\/div>\n\t\t<\/section>\n\t\t\t\t\t\t\t<\/div>","protected":false},"excerpt":{"rendered":"<p>ManageEngine ManageEngine, A\u011flar, Sunucular, Uygulamalar, Hizmet Masas\u0131, Active Directory, G\u00fcvenlik, Masa\u00fcst\u00fc Bilgisayarlar ve Mobil Cihazlar dahil olmak \u00fczere t\u00fcm BT operasyonlar\u0131n\u0131z\u0131 y\u00f6netmenize yard\u0131mc\u0131 olacak 60&#8217;tan fazla kurumsal BT y\u00f6netim arac\u0131 sunar. BT&#8217;yi de birlikte y\u00f6netebilmenizi sa\u011flamak i\u00e7in ara\u00e7lar\u0131m\u0131z\u0131 ba\u011flamsal entegrasyonla s\u0131f\u0131rdan olu\u015fturduk. Hizmet y\u00f6netimi, kimlik ve eri\u015fim y\u00f6netimi, g\u00fcvenlik bilgileri ve olay y\u00f6netimi, birle\u015fik a\u011f [&hellip;]<\/p>","protected":false},"author":2,"featured_media":0,"parent":0,"menu_order":0,"comment_status":"closed","ping_status":"open","template":"elementor_header_footer","meta":[],"_links":{"self":[{"href":"https:\/\/www.itnow.com.tr\/en\/wp-json\/wp\/v2\/pages\/1300"}],"collection":[{"href":"https:\/\/www.itnow.com.tr\/en\/wp-json\/wp\/v2\/pages"}],"about":[{"href":"https:\/\/www.itnow.com.tr\/en\/wp-json\/wp\/v2\/types\/page"}],"author":[{"embeddable":true,"href":"https:\/\/www.itnow.com.tr\/en\/wp-json\/wp\/v2\/users\/2"}],"replies":[{"embeddable":true,"href":"https:\/\/www.itnow.com.tr\/en\/wp-json\/wp\/v2\/comments?post=1300"}],"version-history":[{"count":8,"href":"https:\/\/www.itnow.com.tr\/en\/wp-json\/wp\/v2\/pages\/1300\/revisions"}],"predecessor-version":[{"id":1308,"href":"https:\/\/www.itnow.com.tr\/en\/wp-json\/wp\/v2\/pages\/1300\/revisions\/1308"}],"wp:attachment":[{"href":"https:\/\/www.itnow.com.tr\/en\/wp-json\/wp\/v2\/media?parent=1300"}],"curies":[{"name":"wp","href":"https:\/\/api.w.org\/{rel}","templated":true}]}}