{"id":1205,"date":"2023-04-09T16:58:50","date_gmt":"2023-04-09T15:58:50","guid":{"rendered":"https:\/\/itnow.com.tr\/?page_id=1205"},"modified":"2023-04-11T04:19:12","modified_gmt":"2023-04-11T03:19:12","slug":"security-and-information-event-management","status":"publish","type":"page","link":"https:\/\/www.itnow.com.tr\/en\/security-and-information-event-management\/","title":{"rendered":"Security and Information Event Management"},"content":{"rendered":"<div data-elementor-type=\"wp-page\" data-elementor-id=\"1205\" class=\"elementor elementor-1205\">\n\t\t\t\t\t\t\t\t\t<section class=\"elementor-section elementor-top-section elementor-element elementor-element-97298cd solutions_page_topbanner elementor-section-boxed elementor-section-height-default elementor-section-height-default\" data-id=\"97298cd\" data-element_type=\"section\" data-settings=\"{&quot;background_background&quot;:&quot;classic&quot;}\">\n\t\t\t\t\t\t<div class=\"elementor-container elementor-column-gap-default\">\n\t\t\t\t\t<div class=\"elementor-column elementor-col-100 elementor-top-column elementor-element elementor-element-8f04fc2\" data-id=\"8f04fc2\" data-element_type=\"column\">\n\t\t\t<div class=\"elementor-widget-wrap elementor-element-populated\">\n\t\t\t\t\t\t\t\t<div class=\"elementor-element elementor-element-433739c elementor-widget elementor-widget-heading\" data-id=\"433739c\" data-element_type=\"widget\" data-widget_type=\"heading.default\">\n\t\t\t\t<div class=\"elementor-widget-container\">\n\t\t\t<style>\/*! elementor - v3.12.1 - 02-04-2023 *\/\n.elementor-heading-title{padding:0;margin:0;line-height:1}.elementor-widget-heading .elementor-heading-title[class*=elementor-size-]>a{color:inherit;font-size:inherit;line-height:inherit}.elementor-widget-heading .elementor-heading-title.elementor-size-small{font-size:15px}.elementor-widget-heading .elementor-heading-title.elementor-size-medium{font-size:19px}.elementor-widget-heading .elementor-heading-title.elementor-size-large{font-size:29px}.elementor-widget-heading .elementor-heading-title.elementor-size-xl{font-size:39px}.elementor-widget-heading .elementor-heading-title.elementor-size-xxl{font-size:59px}<\/style><h1 class=\"elementor-heading-title elementor-size-default\">Security and Information Event Management<\/h1>\t\t<\/div>\n\t\t\t\t<\/div>\n\t\t\t\t\t<\/div>\n\t\t<\/div>\n\t\t\t\t\t\t\t<\/div>\n\t\t<\/section>\n\t\t\t\t<section class=\"elementor-section elementor-top-section elementor-element elementor-element-f6a3fee solutions_page_intro elementor-section-full_width elementor-section-height-default elementor-section-height-default\" data-id=\"f6a3fee\" data-element_type=\"section\" data-settings=\"{&quot;background_background&quot;:&quot;classic&quot;}\">\n\t\t\t\t\t\t\t<div class=\"elementor-background-overlay\"><\/div>\n\t\t\t\t\t\t\t<div class=\"elementor-container elementor-column-gap-default\">\n\t\t\t\t\t<div class=\"elementor-column elementor-col-100 elementor-top-column elementor-element elementor-element-19133c1\" data-id=\"19133c1\" data-element_type=\"column\">\n\t\t\t<div class=\"elementor-widget-wrap elementor-element-populated\">\n\t\t\t\t\t\t\t\t<div class=\"elementor-element elementor-element-da63cc0 elementor-widget elementor-widget-image\" data-id=\"da63cc0\" data-element_type=\"widget\" data-widget_type=\"image.default\">\n\t\t\t\t<div class=\"elementor-widget-container\">\n\t\t\t<style>\/*! elementor - v3.12.1 - 02-04-2023 *\/\n.elementor-widget-image{text-align:center}.elementor-widget-image a{display:inline-block}.elementor-widget-image a img[src$=\".svg\"]{width:48px}.elementor-widget-image img{vertical-align:middle;display:inline-block}<\/style>\t\t\t\t\t\t\t\t\t\t\t\t<img decoding=\"async\" width=\"1024\" height=\"533\" src=\"https:\/\/www.itnow.com.tr\/wp-content\/uploads\/2023\/04\/me_siem-1024x533.png\" class=\"attachment-large size-large wp-image-1351\" alt=\"\" loading=\"lazy\" srcset=\"https:\/\/www.itnow.com.tr\/wp-content\/uploads\/2023\/04\/me_siem-1024x533.png 1024w, https:\/\/www.itnow.com.tr\/wp-content\/uploads\/2023\/04\/me_siem-300x156.png 300w, https:\/\/www.itnow.com.tr\/wp-content\/uploads\/2023\/04\/me_siem-768x400.png 768w, https:\/\/www.itnow.com.tr\/wp-content\/uploads\/2023\/04\/me_siem-1536x799.png 1536w, https:\/\/www.itnow.com.tr\/wp-content\/uploads\/2023\/04\/me_siem-2048x1066.png 2048w, https:\/\/www.itnow.com.tr\/wp-content\/uploads\/2023\/04\/me_siem-18x9.png 18w, https:\/\/www.itnow.com.tr\/wp-content\/uploads\/2023\/04\/me_siem-200x104.png 200w\" sizes=\"(max-width: 1024px) 100vw, 1024px\" \/>\t\t\t\t\t\t\t\t\t\t\t\t\t\t\t<\/div>\n\t\t\t\t<\/div>\n\t\t\t\t<section class=\"elementor-section elementor-inner-section elementor-element elementor-element-2bec919 elementor-section-boxed elementor-section-height-default elementor-section-height-default\" data-id=\"2bec919\" data-element_type=\"section\">\n\t\t\t\t\t\t<div class=\"elementor-container elementor-column-gap-default\">\n\t\t\t\t\t<div class=\"elementor-column elementor-col-50 elementor-inner-column elementor-element elementor-element-02835ef\" data-id=\"02835ef\" data-element_type=\"column\">\n\t\t\t<div class=\"elementor-widget-wrap elementor-element-populated\">\n\t\t\t\t\t\t\t\t<div class=\"elementor-element elementor-element-5e30313 elementor-widget elementor-widget-heading\" data-id=\"5e30313\" data-element_type=\"widget\" data-widget_type=\"heading.default\">\n\t\t\t\t<div class=\"elementor-widget-container\">\n\t\t\t<h2 class=\"elementor-heading-title elementor-size-default\">Why do organizations need a security information and event management solution?<\/h2>\t\t<\/div>\n\t\t\t\t<\/div>\n\t\t\t\t\t<\/div>\n\t\t<\/div>\n\t\t\t\t<div class=\"elementor-column elementor-col-50 elementor-inner-column elementor-element elementor-element-8512d2c\" data-id=\"8512d2c\" data-element_type=\"column\">\n\t\t\t<div class=\"elementor-widget-wrap elementor-element-populated\">\n\t\t\t\t\t\t\t\t<div class=\"elementor-element elementor-element-fc34ca1 elementor-widget elementor-widget-text-editor\" data-id=\"fc34ca1\" data-element_type=\"widget\" data-widget_type=\"text-editor.default\">\n\t\t\t\t<div class=\"elementor-widget-container\">\n\t\t\t<style>\/*! elementor - v3.12.1 - 02-04-2023 *\/\n.elementor-widget-text-editor.elementor-drop-cap-view-stacked .elementor-drop-cap{background-color:#69727d;color:#fff}.elementor-widget-text-editor.elementor-drop-cap-view-framed .elementor-drop-cap{color:#69727d;border:3px solid;background-color:transparent}.elementor-widget-text-editor:not(.elementor-drop-cap-view-default) .elementor-drop-cap{margin-top:8px}.elementor-widget-text-editor:not(.elementor-drop-cap-view-default) .elementor-drop-cap-letter{width:1em;height:1em}.elementor-widget-text-editor .elementor-drop-cap{float:left;text-align:center;line-height:1;font-size:50px}.elementor-widget-text-editor .elementor-drop-cap-letter{display:inline-block}<\/style>\t\t\t\t<p>Every organization has a multitude of network devices that work together to facilitate everyday business operations. For an attacker, all it takes is one security loophole in any of these endpoints to bring business operations to a halt. With so many devices operating simultaneously, it is difficult to figure out exactly where you are vulnerable. These devices do generate security data for every event, but the sheer volume of data makes it difficult to focus on the key indicators of an attack.<\/p><p>A SIEM solution protects your enterprise network from cyberattacks and insider threats. It collects and analyzes the security data generated by your devices in real time, alerting you in time about vulnerabilities, indicators of compromise, or any suspicious activity.<\/p>\t\t\t\t\t\t<\/div>\n\t\t\t\t<\/div>\n\t\t\t\t\t<\/div>\n\t\t<\/div>\n\t\t\t\t\t\t\t<\/div>\n\t\t<\/section>\n\t\t\t\t\t<\/div>\n\t\t<\/div>\n\t\t\t\t\t\t\t<\/div>\n\t\t<\/section>\n\t\t\t\t<section class=\"elementor-section elementor-top-section elementor-element elementor-element-f56eaba contact_us_banner elementor-section-boxed elementor-section-height-default elementor-section-height-default\" data-id=\"f56eaba\" data-element_type=\"section\" data-settings=\"{&quot;background_background&quot;:&quot;classic&quot;}\">\n\t\t\t\t\t\t<div class=\"elementor-container elementor-column-gap-default\">\n\t\t\t\t\t<div class=\"elementor-column elementor-col-50 elementor-top-column elementor-element elementor-element-a10baf7\" data-id=\"a10baf7\" data-element_type=\"column\">\n\t\t\t<div class=\"elementor-widget-wrap elementor-element-populated\">\n\t\t\t\t\t\t\t\t<div class=\"elementor-element elementor-element-f097814 elementor-widget elementor-widget-heading\" data-id=\"f097814\" data-element_type=\"widget\" data-widget_type=\"heading.default\">\n\t\t\t\t<div class=\"elementor-widget-container\">\n\t\t\t<h2 class=\"elementor-heading-title elementor-size-default\">Contact Us<\/h2>\t\t<\/div>\n\t\t\t\t<\/div>\n\t\t\t\t\t<\/div>\n\t\t<\/div>\n\t\t\t\t<div class=\"elementor-column elementor-col-50 elementor-top-column elementor-element elementor-element-d5111f0\" data-id=\"d5111f0\" data-element_type=\"column\">\n\t\t\t<div class=\"elementor-widget-wrap elementor-element-populated\">\n\t\t\t\t\t\t\t\t<div class=\"elementor-element elementor-element-7401f4a elementor-align-center elementor-widget elementor-widget-button\" data-id=\"7401f4a\" data-element_type=\"widget\" data-widget_type=\"button.default\">\n\t\t\t\t<div class=\"elementor-widget-container\">\n\t\t\t\t\t<div class=\"elementor-button-wrapper\">\n\t\t\t<a href=\"https:\/\/www.itnow.com.tr\/en\/contact-us\/\" class=\"elementor-button-link elementor-button elementor-size-sm\" role=\"button\">\n\t\t\t\t\t\t<span class=\"elementor-button-content-wrapper\">\n\t\t\t\t\t\t<span class=\"elementor-button-text\">GET STARTED<\/span>\n\t\t<\/span>\n\t\t\t\t\t<\/a>\n\t\t<\/div>\n\t\t\t\t<\/div>\n\t\t\t\t<\/div>\n\t\t\t\t\t<\/div>\n\t\t<\/div>\n\t\t\t\t\t\t\t<\/div>\n\t\t<\/section>\n\t\t\t\t\t\t\t<\/div>","protected":false},"excerpt":{"rendered":"<p>G\u00fcvenlik ve Olay Y\u00f6netimi Kurulu\u015flar neden bir g\u00fcvenlik bilgisi ve olay y\u00f6netimi \u00e7\u00f6z\u00fcm\u00fcne ihtiya\u00e7 duyar? Her kurulu\u015f, g\u00fcnl\u00fck i\u015f operasyonlar\u0131n\u0131 kolayla\u015ft\u0131rmak i\u00e7in birlikte \u00e7al\u0131\u015fan \u00e7ok say\u0131da a\u011f cihaz\u0131na sahiptir. Bir sald\u0131rgan i\u00e7in, i\u015f operasyonlar\u0131n\u0131 durdurmak i\u00e7in bu u\u00e7 noktalardan herhangi birinde bir g\u00fcvenlik bo\u015flu\u011fu olmas\u0131 yeterlidir. Ayn\u0131 anda \u00e7al\u0131\u015fan bu kadar \u00e7ok cihazla, tam olarak [&hellip;]<\/p>","protected":false},"author":2,"featured_media":0,"parent":0,"menu_order":0,"comment_status":"closed","ping_status":"open","template":"elementor_header_footer","meta":[],"_links":{"self":[{"href":"https:\/\/www.itnow.com.tr\/en\/wp-json\/wp\/v2\/pages\/1205"}],"collection":[{"href":"https:\/\/www.itnow.com.tr\/en\/wp-json\/wp\/v2\/pages"}],"about":[{"href":"https:\/\/www.itnow.com.tr\/en\/wp-json\/wp\/v2\/types\/page"}],"author":[{"embeddable":true,"href":"https:\/\/www.itnow.com.tr\/en\/wp-json\/wp\/v2\/users\/2"}],"replies":[{"embeddable":true,"href":"https:\/\/www.itnow.com.tr\/en\/wp-json\/wp\/v2\/comments?post=1205"}],"version-history":[{"count":13,"href":"https:\/\/www.itnow.com.tr\/en\/wp-json\/wp\/v2\/pages\/1205\/revisions"}],"predecessor-version":[{"id":1367,"href":"https:\/\/www.itnow.com.tr\/en\/wp-json\/wp\/v2\/pages\/1205\/revisions\/1367"}],"wp:attachment":[{"href":"https:\/\/www.itnow.com.tr\/en\/wp-json\/wp\/v2\/media?parent=1205"}],"curies":[{"name":"wp","href":"https:\/\/api.w.org\/{rel}","templated":true}]}}