{"id":1201,"date":"2023-04-09T16:56:54","date_gmt":"2023-04-09T15:56:54","guid":{"rendered":"https:\/\/itnow.com.tr\/?page_id=1201"},"modified":"2023-04-12T07:11:05","modified_gmt":"2023-04-12T06:11:05","slug":"unified-endpoint-management-security","status":"publish","type":"page","link":"https:\/\/www.itnow.com.tr\/en\/unified-endpoint-management-security\/","title":{"rendered":"Unified Endpoint Management &#038; Security"},"content":{"rendered":"<div data-elementor-type=\"wp-page\" data-elementor-id=\"1201\" class=\"elementor elementor-1201\">\n\t\t\t\t\t\t\t\t\t<section class=\"elementor-section elementor-top-section elementor-element elementor-element-97298cd solutions_page_topbanner elementor-section-boxed elementor-section-height-default elementor-section-height-default\" data-id=\"97298cd\" data-element_type=\"section\" data-settings=\"{&quot;background_background&quot;:&quot;classic&quot;}\">\n\t\t\t\t\t\t<div class=\"elementor-container elementor-column-gap-default\">\n\t\t\t\t\t<div class=\"elementor-column elementor-col-100 elementor-top-column elementor-element elementor-element-8f04fc2\" data-id=\"8f04fc2\" data-element_type=\"column\">\n\t\t\t<div class=\"elementor-widget-wrap elementor-element-populated\">\n\t\t\t\t\t\t\t\t<div class=\"elementor-element elementor-element-433739c elementor-widget elementor-widget-heading\" data-id=\"433739c\" data-element_type=\"widget\" data-widget_type=\"heading.default\">\n\t\t\t\t<div class=\"elementor-widget-container\">\n\t\t\t<style>\/*! elementor - v3.12.1 - 02-04-2023 *\/\n.elementor-heading-title{padding:0;margin:0;line-height:1}.elementor-widget-heading .elementor-heading-title[class*=elementor-size-]>a{color:inherit;font-size:inherit;line-height:inherit}.elementor-widget-heading .elementor-heading-title.elementor-size-small{font-size:15px}.elementor-widget-heading .elementor-heading-title.elementor-size-medium{font-size:19px}.elementor-widget-heading .elementor-heading-title.elementor-size-large{font-size:29px}.elementor-widget-heading .elementor-heading-title.elementor-size-xl{font-size:39px}.elementor-widget-heading .elementor-heading-title.elementor-size-xxl{font-size:59px}<\/style><h1 class=\"elementor-heading-title elementor-size-default\">Unified Endpoint Management &amp; Security<\/h1>\t\t<\/div>\n\t\t\t\t<\/div>\n\t\t\t\t\t<\/div>\n\t\t<\/div>\n\t\t\t\t\t\t\t<\/div>\n\t\t<\/section>\n\t\t\t\t<section class=\"elementor-section elementor-top-section elementor-element elementor-element-f6a3fee solutions_page_intro elementor-section-full_width elementor-section-height-default elementor-section-height-default\" data-id=\"f6a3fee\" data-element_type=\"section\" data-settings=\"{&quot;background_background&quot;:&quot;classic&quot;}\">\n\t\t\t\t\t\t\t<div class=\"elementor-background-overlay\"><\/div>\n\t\t\t\t\t\t\t<div class=\"elementor-container elementor-column-gap-default\">\n\t\t\t\t\t<div class=\"elementor-column elementor-col-100 elementor-top-column elementor-element elementor-element-19133c1\" data-id=\"19133c1\" data-element_type=\"column\">\n\t\t\t<div class=\"elementor-widget-wrap elementor-element-populated\">\n\t\t\t\t\t\t\t\t<div class=\"elementor-element elementor-element-da63cc0 elementor-widget elementor-widget-image\" data-id=\"da63cc0\" data-element_type=\"widget\" data-widget_type=\"image.default\">\n\t\t\t\t<div class=\"elementor-widget-container\">\n\t\t\t<style>\/*! elementor - v3.12.1 - 02-04-2023 *\/\n.elementor-widget-image{text-align:center}.elementor-widget-image a{display:inline-block}.elementor-widget-image a img[src$=\".svg\"]{width:48px}.elementor-widget-image img{vertical-align:middle;display:inline-block}<\/style>\t\t\t\t\t\t\t\t\t\t\t\t<img decoding=\"async\" width=\"1024\" height=\"696\" src=\"https:\/\/www.itnow.com.tr\/wp-content\/uploads\/2023\/04\/me_uem-1024x696.png\" class=\"attachment-large size-large wp-image-1358\" alt=\"\" loading=\"lazy\" srcset=\"https:\/\/www.itnow.com.tr\/wp-content\/uploads\/2023\/04\/me_uem-1024x696.png 1024w, https:\/\/www.itnow.com.tr\/wp-content\/uploads\/2023\/04\/me_uem-300x204.png 300w, https:\/\/www.itnow.com.tr\/wp-content\/uploads\/2023\/04\/me_uem-768x522.png 768w, https:\/\/www.itnow.com.tr\/wp-content\/uploads\/2023\/04\/me_uem-1536x1045.png 1536w, https:\/\/www.itnow.com.tr\/wp-content\/uploads\/2023\/04\/me_uem-2048x1393.png 2048w, https:\/\/www.itnow.com.tr\/wp-content\/uploads\/2023\/04\/me_uem-18x12.png 18w, https:\/\/www.itnow.com.tr\/wp-content\/uploads\/2023\/04\/me_uem-200x136.png 200w\" sizes=\"(max-width: 1024px) 100vw, 1024px\" \/>\t\t\t\t\t\t\t\t\t\t\t\t\t\t\t<\/div>\n\t\t\t\t<\/div>\n\t\t\t\t<section class=\"elementor-section elementor-inner-section elementor-element elementor-element-2bec919 elementor-section-boxed elementor-section-height-default elementor-section-height-default\" data-id=\"2bec919\" data-element_type=\"section\">\n\t\t\t\t\t\t<div class=\"elementor-container elementor-column-gap-default\">\n\t\t\t\t\t<div class=\"elementor-column elementor-col-50 elementor-inner-column elementor-element elementor-element-02835ef\" data-id=\"02835ef\" data-element_type=\"column\">\n\t\t\t<div class=\"elementor-widget-wrap elementor-element-populated\">\n\t\t\t\t\t\t\t\t<div class=\"elementor-element elementor-element-5e30313 elementor-widget elementor-widget-heading\" data-id=\"5e30313\" data-element_type=\"widget\" data-widget_type=\"heading.default\">\n\t\t\t\t<div class=\"elementor-widget-container\">\n\t\t\t<h2 class=\"elementor-heading-title elementor-size-default\">Why do organizations need an unified endpoint management and security solution?<\/h2>\t\t<\/div>\n\t\t\t\t<\/div>\n\t\t\t\t\t<\/div>\n\t\t<\/div>\n\t\t\t\t<div class=\"elementor-column elementor-col-50 elementor-inner-column elementor-element elementor-element-8512d2c\" data-id=\"8512d2c\" data-element_type=\"column\">\n\t\t\t<div class=\"elementor-widget-wrap elementor-element-populated\">\n\t\t\t\t\t\t\t\t<div class=\"elementor-element elementor-element-fc34ca1 elementor-widget elementor-widget-text-editor\" data-id=\"fc34ca1\" data-element_type=\"widget\" data-widget_type=\"text-editor.default\">\n\t\t\t\t<div class=\"elementor-widget-container\">\n\t\t\t<style>\/*! elementor - v3.12.1 - 02-04-2023 *\/\n.elementor-widget-text-editor.elementor-drop-cap-view-stacked .elementor-drop-cap{background-color:#69727d;color:#fff}.elementor-widget-text-editor.elementor-drop-cap-view-framed .elementor-drop-cap{color:#69727d;border:3px solid;background-color:transparent}.elementor-widget-text-editor:not(.elementor-drop-cap-view-default) .elementor-drop-cap{margin-top:8px}.elementor-widget-text-editor:not(.elementor-drop-cap-view-default) .elementor-drop-cap-letter{width:1em;height:1em}.elementor-widget-text-editor .elementor-drop-cap{float:left;text-align:center;line-height:1;font-size:50px}.elementor-widget-text-editor .elementor-drop-cap-letter{display:inline-block}<\/style>\t\t\t\t<p>From onboarding employees and deploying OSs and applications to managing and troubleshooting corporate and personal devices, organizations are expected to fulfill the needs of their diverse workforce. A UEMS solution provides end-to-end integration of device management and endpoint security. This increases workforce productivity without compromising data security.<\/p><p>Attackers are constantly on the lookout for entry points into enterprise networks. One unauthorized device, unmonitored browser, malicious application, or misconfiguration is often all it takes to bring down an entire network. Keeping track of such loopholes on the ever-increasing number of endpoints that constitute your network is impossible manually and calls for a UEMS solution.<\/p>\t\t\t\t\t\t<\/div>\n\t\t\t\t<\/div>\n\t\t\t\t\t<\/div>\n\t\t<\/div>\n\t\t\t\t\t\t\t<\/div>\n\t\t<\/section>\n\t\t\t\t\t<\/div>\n\t\t<\/div>\n\t\t\t\t\t\t\t<\/div>\n\t\t<\/section>\n\t\t\t\t<section class=\"elementor-section elementor-top-section elementor-element elementor-element-d79a72f contact_us_banner elementor-section-boxed elementor-section-height-default elementor-section-height-default\" data-id=\"d79a72f\" data-element_type=\"section\" data-settings=\"{&quot;background_background&quot;:&quot;classic&quot;}\">\n\t\t\t\t\t\t<div class=\"elementor-container elementor-column-gap-default\">\n\t\t\t\t\t<div class=\"elementor-column elementor-col-50 elementor-top-column elementor-element elementor-element-80e6836\" data-id=\"80e6836\" data-element_type=\"column\">\n\t\t\t<div class=\"elementor-widget-wrap elementor-element-populated\">\n\t\t\t\t\t\t\t\t<div class=\"elementor-element elementor-element-2dc8a8f elementor-widget elementor-widget-heading\" data-id=\"2dc8a8f\" data-element_type=\"widget\" data-widget_type=\"heading.default\">\n\t\t\t\t<div class=\"elementor-widget-container\">\n\t\t\t<h2 class=\"elementor-heading-title elementor-size-default\">Contact Us<\/h2>\t\t<\/div>\n\t\t\t\t<\/div>\n\t\t\t\t\t<\/div>\n\t\t<\/div>\n\t\t\t\t<div class=\"elementor-column elementor-col-50 elementor-top-column elementor-element elementor-element-8735ec5\" data-id=\"8735ec5\" data-element_type=\"column\">\n\t\t\t<div class=\"elementor-widget-wrap elementor-element-populated\">\n\t\t\t\t\t\t\t\t<div class=\"elementor-element elementor-element-8013b05 elementor-align-center elementor-widget elementor-widget-button\" data-id=\"8013b05\" data-element_type=\"widget\" data-widget_type=\"button.default\">\n\t\t\t\t<div class=\"elementor-widget-container\">\n\t\t\t\t\t<div class=\"elementor-button-wrapper\">\n\t\t\t<a href=\"https:\/\/www.itnow.com.tr\/en\/contact-us\/\" class=\"elementor-button-link elementor-button elementor-size-sm\" role=\"button\">\n\t\t\t\t\t\t<span class=\"elementor-button-content-wrapper\">\n\t\t\t\t\t\t<span class=\"elementor-button-text\">GET STARTED<\/span>\n\t\t<\/span>\n\t\t\t\t\t<\/a>\n\t\t<\/div>\n\t\t\t\t<\/div>\n\t\t\t\t<\/div>\n\t\t\t\t\t<\/div>\n\t\t<\/div>\n\t\t\t\t\t\t\t<\/div>\n\t\t<\/section>\n\t\t\t\t\t\t\t<\/div>","protected":false},"excerpt":{"rendered":"<p>Birle\u015fik U\u00e7 Nokta Y\u00f6netimi ve G\u00fcvenli\u011fi Kurulu\u015flar neden birle\u015fik bir u\u00e7 nokta y\u00f6netimi ve g\u00fcvenlik \u00e7\u00f6z\u00fcm\u00fcne ihtiya\u00e7 duyar? Kurulu\u015flar\u0131n, \u00e7al\u0131\u015fanlar\u0131n i\u015fe al\u0131nmas\u0131ndan ve i\u015fletim sistemleri ile uygulamalar\u0131n da\u011f\u0131t\u0131lmas\u0131ndan kurumsal ve ki\u015fisel cihazlar\u0131n y\u00f6netilmesine ve sorunlar\u0131n\u0131n giderilmesine kadar, \u00e7e\u015fitli i\u015f g\u00fcc\u00fcn\u00fcn ihtiya\u00e7lar\u0131n\u0131 kar\u015f\u0131lamas\u0131 beklenir. Bir UEMS \u00e7\u00f6z\u00fcm\u00fc, cihaz y\u00f6netimi ve u\u00e7 nokta g\u00fcvenli\u011finin u\u00e7tan uca entegrasyonunu [&hellip;]<\/p>","protected":false},"author":2,"featured_media":0,"parent":0,"menu_order":0,"comment_status":"closed","ping_status":"open","template":"elementor_header_footer","meta":[],"_links":{"self":[{"href":"https:\/\/www.itnow.com.tr\/en\/wp-json\/wp\/v2\/pages\/1201"}],"collection":[{"href":"https:\/\/www.itnow.com.tr\/en\/wp-json\/wp\/v2\/pages"}],"about":[{"href":"https:\/\/www.itnow.com.tr\/en\/wp-json\/wp\/v2\/types\/page"}],"author":[{"embeddable":true,"href":"https:\/\/www.itnow.com.tr\/en\/wp-json\/wp\/v2\/users\/2"}],"replies":[{"embeddable":true,"href":"https:\/\/www.itnow.com.tr\/en\/wp-json\/wp\/v2\/comments?post=1201"}],"version-history":[{"count":13,"href":"https:\/\/www.itnow.com.tr\/en\/wp-json\/wp\/v2\/pages\/1201\/revisions"}],"predecessor-version":[{"id":1413,"href":"https:\/\/www.itnow.com.tr\/en\/wp-json\/wp\/v2\/pages\/1201\/revisions\/1413"}],"wp:attachment":[{"href":"https:\/\/www.itnow.com.tr\/en\/wp-json\/wp\/v2\/media?parent=1201"}],"curies":[{"name":"wp","href":"https:\/\/api.w.org\/{rel}","templated":true}]}}