{"id":1199,"date":"2023-04-09T16:56:13","date_gmt":"2023-04-09T15:56:13","guid":{"rendered":"https:\/\/itnow.com.tr\/?page_id=1199"},"modified":"2023-04-12T07:10:09","modified_gmt":"2023-04-12T06:10:09","slug":"enterprise-service-management","status":"publish","type":"page","link":"https:\/\/www.itnow.com.tr\/en\/enterprise-service-management\/","title":{"rendered":"Enterprise Service Management"},"content":{"rendered":"<div data-elementor-type=\"wp-page\" data-elementor-id=\"1199\" class=\"elementor elementor-1199\">\n\t\t\t\t\t\t\t\t\t<section class=\"elementor-section elementor-top-section elementor-element elementor-element-97298cd solutions_page_topbanner elementor-section-boxed elementor-section-height-default elementor-section-height-default\" data-id=\"97298cd\" data-element_type=\"section\" data-settings=\"{&quot;background_background&quot;:&quot;classic&quot;}\">\n\t\t\t\t\t\t<div class=\"elementor-container elementor-column-gap-default\">\n\t\t\t\t\t<div class=\"elementor-column elementor-col-100 elementor-top-column elementor-element elementor-element-8f04fc2\" data-id=\"8f04fc2\" data-element_type=\"column\">\n\t\t\t<div class=\"elementor-widget-wrap elementor-element-populated\">\n\t\t\t\t\t\t\t\t<div class=\"elementor-element elementor-element-433739c elementor-widget elementor-widget-heading\" data-id=\"433739c\" data-element_type=\"widget\" data-widget_type=\"heading.default\">\n\t\t\t\t<div class=\"elementor-widget-container\">\n\t\t\t<style>\/*! elementor - v3.12.1 - 02-04-2023 *\/\n.elementor-heading-title{padding:0;margin:0;line-height:1}.elementor-widget-heading .elementor-heading-title[class*=elementor-size-]>a{color:inherit;font-size:inherit;line-height:inherit}.elementor-widget-heading .elementor-heading-title.elementor-size-small{font-size:15px}.elementor-widget-heading .elementor-heading-title.elementor-size-medium{font-size:19px}.elementor-widget-heading .elementor-heading-title.elementor-size-large{font-size:29px}.elementor-widget-heading .elementor-heading-title.elementor-size-xl{font-size:39px}.elementor-widget-heading .elementor-heading-title.elementor-size-xxl{font-size:59px}<\/style><h1 class=\"elementor-heading-title elementor-size-default\">Enterprise Service Management<\/h1>\t\t<\/div>\n\t\t\t\t<\/div>\n\t\t\t\t\t<\/div>\n\t\t<\/div>\n\t\t\t\t\t\t\t<\/div>\n\t\t<\/section>\n\t\t\t\t<section class=\"elementor-section elementor-top-section elementor-element elementor-element-f6a3fee solutions_page_intro elementor-section-full_width elementor-section-height-default elementor-section-height-default\" data-id=\"f6a3fee\" data-element_type=\"section\" data-settings=\"{&quot;background_background&quot;:&quot;classic&quot;}\">\n\t\t\t\t\t\t\t<div class=\"elementor-background-overlay\"><\/div>\n\t\t\t\t\t\t\t<div class=\"elementor-container elementor-column-gap-default\">\n\t\t\t\t\t<div class=\"elementor-column elementor-col-100 elementor-top-column elementor-element elementor-element-19133c1\" data-id=\"19133c1\" data-element_type=\"column\">\n\t\t\t<div class=\"elementor-widget-wrap elementor-element-populated\">\n\t\t\t\t\t\t\t\t<div class=\"elementor-element elementor-element-da63cc0 elementor-widget elementor-widget-image\" data-id=\"da63cc0\" data-element_type=\"widget\" data-widget_type=\"image.default\">\n\t\t\t\t<div class=\"elementor-widget-container\">\n\t\t\t<style>\/*! elementor - v3.12.1 - 02-04-2023 *\/\n.elementor-widget-image{text-align:center}.elementor-widget-image a{display:inline-block}.elementor-widget-image a img[src$=\".svg\"]{width:48px}.elementor-widget-image img{vertical-align:middle;display:inline-block}<\/style>\t\t\t\t\t\t\t\t\t\t\t\t<img decoding=\"async\" width=\"1024\" height=\"393\" src=\"https:\/\/www.itnow.com.tr\/wp-content\/uploads\/2023\/04\/me_esm-1024x393.png\" class=\"attachment-large size-large wp-image-1345\" alt=\"\" loading=\"lazy\" srcset=\"https:\/\/www.itnow.com.tr\/wp-content\/uploads\/2023\/04\/me_esm-1024x393.png 1024w, https:\/\/www.itnow.com.tr\/wp-content\/uploads\/2023\/04\/me_esm-300x115.png 300w, https:\/\/www.itnow.com.tr\/wp-content\/uploads\/2023\/04\/me_esm-768x294.png 768w, https:\/\/www.itnow.com.tr\/wp-content\/uploads\/2023\/04\/me_esm-1536x589.png 1536w, https:\/\/www.itnow.com.tr\/wp-content\/uploads\/2023\/04\/me_esm-2048x785.png 2048w, https:\/\/www.itnow.com.tr\/wp-content\/uploads\/2023\/04\/me_esm-18x7.png 18w, https:\/\/www.itnow.com.tr\/wp-content\/uploads\/2023\/04\/me_esm-200x77.png 200w\" sizes=\"(max-width: 1024px) 100vw, 1024px\" \/>\t\t\t\t\t\t\t\t\t\t\t\t\t\t\t<\/div>\n\t\t\t\t<\/div>\n\t\t\t\t<section class=\"elementor-section elementor-inner-section elementor-element elementor-element-2bec919 elementor-section-boxed elementor-section-height-default elementor-section-height-default\" data-id=\"2bec919\" data-element_type=\"section\">\n\t\t\t\t\t\t<div class=\"elementor-container elementor-column-gap-default\">\n\t\t\t\t\t<div class=\"elementor-column elementor-col-50 elementor-inner-column elementor-element elementor-element-02835ef\" data-id=\"02835ef\" data-element_type=\"column\">\n\t\t\t<div class=\"elementor-widget-wrap elementor-element-populated\">\n\t\t\t\t\t\t\t\t<div class=\"elementor-element elementor-element-5e30313 elementor-widget elementor-widget-heading\" data-id=\"5e30313\" data-element_type=\"widget\" data-widget_type=\"heading.default\">\n\t\t\t\t<div class=\"elementor-widget-container\">\n\t\t\t<h2 class=\"elementor-heading-title elementor-size-default\">Why do organizations need an enterprise service management solution?<\/h2>\t\t<\/div>\n\t\t\t\t<\/div>\n\t\t\t\t\t<\/div>\n\t\t<\/div>\n\t\t\t\t<div class=\"elementor-column elementor-col-50 elementor-inner-column elementor-element elementor-element-8512d2c\" data-id=\"8512d2c\" data-element_type=\"column\">\n\t\t\t<div class=\"elementor-widget-wrap elementor-element-populated\">\n\t\t\t\t\t\t\t\t<div class=\"elementor-element elementor-element-fc34ca1 elementor-widget elementor-widget-text-editor\" data-id=\"fc34ca1\" data-element_type=\"widget\" data-widget_type=\"text-editor.default\">\n\t\t\t\t<div class=\"elementor-widget-container\">\n\t\t\t<style>\/*! elementor - v3.12.1 - 02-04-2023 *\/\n.elementor-widget-text-editor.elementor-drop-cap-view-stacked .elementor-drop-cap{background-color:#69727d;color:#fff}.elementor-widget-text-editor.elementor-drop-cap-view-framed .elementor-drop-cap{color:#69727d;border:3px solid;background-color:transparent}.elementor-widget-text-editor:not(.elementor-drop-cap-view-default) .elementor-drop-cap{margin-top:8px}.elementor-widget-text-editor:not(.elementor-drop-cap-view-default) .elementor-drop-cap-letter{width:1em;height:1em}.elementor-widget-text-editor .elementor-drop-cap{float:left;text-align:center;line-height:1;font-size:50px}.elementor-widget-text-editor .elementor-drop-cap-letter{display:inline-block}<\/style>\t\t\t\t<p>The success of a business depends on the quality of services delivered to its employees and customers. To deliver services efficiently, organizations turn to service management. However, delivering best-practice service management has every bit to do with leveraging the right technology as with designing the appropriate processes. Strike the right balance, and the benefits that follow include responsive service delivery, a flawless customer experience, streamlined service management, smart automation, and compliance with privacy regulations.<\/p><p>With over a decade of experience in the IT and customer support management space, we understand the requirements of various businesses and offer multiple service management solutions built around industry best practices. Our solutions empower your organization to provide a top-notch customer experience out of the box.<\/p>\t\t\t\t\t\t<\/div>\n\t\t\t\t<\/div>\n\t\t\t\t\t<\/div>\n\t\t<\/div>\n\t\t\t\t\t\t\t<\/div>\n\t\t<\/section>\n\t\t\t\t\t<\/div>\n\t\t<\/div>\n\t\t\t\t\t\t\t<\/div>\n\t\t<\/section>\n\t\t\t\t<section class=\"elementor-section elementor-top-section elementor-element elementor-element-dad3691 contact_us_banner elementor-section-boxed elementor-section-height-default elementor-section-height-default\" data-id=\"dad3691\" data-element_type=\"section\" data-settings=\"{&quot;background_background&quot;:&quot;classic&quot;}\">\n\t\t\t\t\t\t<div class=\"elementor-container elementor-column-gap-default\">\n\t\t\t\t\t<div class=\"elementor-column elementor-col-50 elementor-top-column elementor-element elementor-element-911248b\" data-id=\"911248b\" data-element_type=\"column\">\n\t\t\t<div class=\"elementor-widget-wrap elementor-element-populated\">\n\t\t\t\t\t\t\t\t<div class=\"elementor-element elementor-element-72e53a7 elementor-widget elementor-widget-heading\" data-id=\"72e53a7\" data-element_type=\"widget\" data-widget_type=\"heading.default\">\n\t\t\t\t<div class=\"elementor-widget-container\">\n\t\t\t<h2 class=\"elementor-heading-title elementor-size-default\">Contact Us<\/h2>\t\t<\/div>\n\t\t\t\t<\/div>\n\t\t\t\t\t<\/div>\n\t\t<\/div>\n\t\t\t\t<div class=\"elementor-column elementor-col-50 elementor-top-column elementor-element elementor-element-194be5f\" data-id=\"194be5f\" data-element_type=\"column\">\n\t\t\t<div class=\"elementor-widget-wrap elementor-element-populated\">\n\t\t\t\t\t\t\t\t<div class=\"elementor-element elementor-element-b9185ba elementor-align-center elementor-widget elementor-widget-button\" data-id=\"b9185ba\" data-element_type=\"widget\" data-widget_type=\"button.default\">\n\t\t\t\t<div class=\"elementor-widget-container\">\n\t\t\t\t\t<div class=\"elementor-button-wrapper\">\n\t\t\t<a href=\"https:\/\/www.itnow.com.tr\/en\/contact-us\/\" class=\"elementor-button-link elementor-button elementor-size-sm\" role=\"button\">\n\t\t\t\t\t\t<span class=\"elementor-button-content-wrapper\">\n\t\t\t\t\t\t<span class=\"elementor-button-text\">GET STARTED<\/span>\n\t\t<\/span>\n\t\t\t\t\t<\/a>\n\t\t<\/div>\n\t\t\t\t<\/div>\n\t\t\t\t<\/div>\n\t\t\t\t\t<\/div>\n\t\t<\/div>\n\t\t\t\t\t\t\t<\/div>\n\t\t<\/section>\n\t\t\t\t\t\t\t<\/div>","protected":false},"excerpt":{"rendered":"<p>Kurumsal Hizmet Masas\u0131 Y\u00f6netimi Kurulu\u015flar neden bir kurumsal hizmet masas\u0131 y\u00f6netimi \u00e7\u00f6z\u00fcm\u00fcne ihtiya\u00e7 duyar? Bir i\u015fletmenin ba\u015far\u0131s\u0131, \u00e7al\u0131\u015fanlar\u0131na ve m\u00fc\u015fterilerine sundu\u011fu hizmetlerin kalitesine ba\u011fl\u0131d\u0131r. Hizmetleri verimli bir \u015fekilde sunmak i\u00e7in kurulu\u015flar hizmet y\u00f6netimine y\u00f6nelir. Bununla birlikte, en iyi uygulama hizmet y\u00f6netimini sunmak, uygun s\u00fcre\u00e7leri tasarlamak kadar do\u011fru teknolojiden yararlanmakla her a\u00e7\u0131dan ilgilidir. Do\u011fru dengeyi kurun [&hellip;]<\/p>","protected":false},"author":2,"featured_media":0,"parent":0,"menu_order":0,"comment_status":"closed","ping_status":"open","template":"elementor_header_footer","meta":[],"_links":{"self":[{"href":"https:\/\/www.itnow.com.tr\/en\/wp-json\/wp\/v2\/pages\/1199"}],"collection":[{"href":"https:\/\/www.itnow.com.tr\/en\/wp-json\/wp\/v2\/pages"}],"about":[{"href":"https:\/\/www.itnow.com.tr\/en\/wp-json\/wp\/v2\/types\/page"}],"author":[{"embeddable":true,"href":"https:\/\/www.itnow.com.tr\/en\/wp-json\/wp\/v2\/users\/2"}],"replies":[{"embeddable":true,"href":"https:\/\/www.itnow.com.tr\/en\/wp-json\/wp\/v2\/comments?post=1199"}],"version-history":[{"count":13,"href":"https:\/\/www.itnow.com.tr\/en\/wp-json\/wp\/v2\/pages\/1199\/revisions"}],"predecessor-version":[{"id":1410,"href":"https:\/\/www.itnow.com.tr\/en\/wp-json\/wp\/v2\/pages\/1199\/revisions\/1410"}],"wp:attachment":[{"href":"https:\/\/www.itnow.com.tr\/en\/wp-json\/wp\/v2\/media?parent=1199"}],"curies":[{"name":"wp","href":"https:\/\/api.w.org\/{rel}","templated":true}]}}