{"id":1173,"date":"2023-04-09T16:44:14","date_gmt":"2023-04-09T15:44:14","guid":{"rendered":"https:\/\/itnow.com.tr\/?page_id=1173"},"modified":"2023-04-12T07:09:57","modified_gmt":"2023-04-12T06:09:57","slug":"identity-and-access-management","status":"publish","type":"page","link":"https:\/\/www.itnow.com.tr\/en\/identity-and-access-management\/","title":{"rendered":"Identity and Access Management"},"content":{"rendered":"<div data-elementor-type=\"wp-page\" data-elementor-id=\"1173\" class=\"elementor elementor-1173\">\n\t\t\t\t\t\t\t\t\t<section class=\"elementor-section elementor-top-section elementor-element elementor-element-97298cd solutions_page_topbanner elementor-section-boxed elementor-section-height-default elementor-section-height-default\" data-id=\"97298cd\" data-element_type=\"section\" data-settings=\"{&quot;background_background&quot;:&quot;classic&quot;}\">\n\t\t\t\t\t\t<div class=\"elementor-container elementor-column-gap-default\">\n\t\t\t\t\t<div class=\"elementor-column elementor-col-100 elementor-top-column elementor-element elementor-element-8f04fc2\" data-id=\"8f04fc2\" data-element_type=\"column\">\n\t\t\t<div class=\"elementor-widget-wrap elementor-element-populated\">\n\t\t\t\t\t\t\t\t<div class=\"elementor-element elementor-element-433739c elementor-widget elementor-widget-heading\" data-id=\"433739c\" data-element_type=\"widget\" data-widget_type=\"heading.default\">\n\t\t\t\t<div class=\"elementor-widget-container\">\n\t\t\t<style>\/*! elementor - v3.12.1 - 02-04-2023 *\/\n.elementor-heading-title{padding:0;margin:0;line-height:1}.elementor-widget-heading .elementor-heading-title[class*=elementor-size-]>a{color:inherit;font-size:inherit;line-height:inherit}.elementor-widget-heading .elementor-heading-title.elementor-size-small{font-size:15px}.elementor-widget-heading .elementor-heading-title.elementor-size-medium{font-size:19px}.elementor-widget-heading .elementor-heading-title.elementor-size-large{font-size:29px}.elementor-widget-heading .elementor-heading-title.elementor-size-xl{font-size:39px}.elementor-widget-heading .elementor-heading-title.elementor-size-xxl{font-size:59px}<\/style><h1 class=\"elementor-heading-title elementor-size-default\">Identity and Access Management  <\/h1>\t\t<\/div>\n\t\t\t\t<\/div>\n\t\t\t\t\t<\/div>\n\t\t<\/div>\n\t\t\t\t\t\t\t<\/div>\n\t\t<\/section>\n\t\t\t\t<section class=\"elementor-section elementor-top-section elementor-element elementor-element-f6a3fee solutions_page_intro elementor-section-full_width elementor-section-height-default elementor-section-height-default\" data-id=\"f6a3fee\" data-element_type=\"section\" data-settings=\"{&quot;background_background&quot;:&quot;classic&quot;}\">\n\t\t\t\t\t\t\t<div class=\"elementor-background-overlay\"><\/div>\n\t\t\t\t\t\t\t<div class=\"elementor-container elementor-column-gap-default\">\n\t\t\t\t\t<div class=\"elementor-column elementor-col-100 elementor-top-column elementor-element elementor-element-19133c1\" data-id=\"19133c1\" data-element_type=\"column\">\n\t\t\t<div class=\"elementor-widget-wrap elementor-element-populated\">\n\t\t\t\t\t\t\t\t<div class=\"elementor-element elementor-element-da63cc0 elementor-widget elementor-widget-image\" data-id=\"da63cc0\" data-element_type=\"widget\" data-widget_type=\"image.default\">\n\t\t\t\t<div class=\"elementor-widget-container\">\n\t\t\t<style>\/*! elementor - v3.12.1 - 02-04-2023 *\/\n.elementor-widget-image{text-align:center}.elementor-widget-image a{display:inline-block}.elementor-widget-image a img[src$=\".svg\"]{width:48px}.elementor-widget-image img{vertical-align:middle;display:inline-block}<\/style>\t\t\t\t\t\t\t\t\t\t\t\t<img decoding=\"async\" width=\"1024\" height=\"715\" src=\"https:\/\/www.itnow.com.tr\/wp-content\/uploads\/2023\/04\/me_idam-1024x715.png\" class=\"attachment-large size-large wp-image-1346\" alt=\"\" loading=\"lazy\" srcset=\"https:\/\/www.itnow.com.tr\/wp-content\/uploads\/2023\/04\/me_idam-1024x715.png 1024w, https:\/\/www.itnow.com.tr\/wp-content\/uploads\/2023\/04\/me_idam-300x209.png 300w, https:\/\/www.itnow.com.tr\/wp-content\/uploads\/2023\/04\/me_idam-768x536.png 768w, https:\/\/www.itnow.com.tr\/wp-content\/uploads\/2023\/04\/me_idam-1536x1073.png 1536w, https:\/\/www.itnow.com.tr\/wp-content\/uploads\/2023\/04\/me_idam-18x12.png 18w, https:\/\/www.itnow.com.tr\/wp-content\/uploads\/2023\/04\/me_idam-200x140.png 200w, https:\/\/www.itnow.com.tr\/wp-content\/uploads\/2023\/04\/me_idam.png 1962w\" sizes=\"(max-width: 1024px) 100vw, 1024px\" \/>\t\t\t\t\t\t\t\t\t\t\t\t\t\t\t<\/div>\n\t\t\t\t<\/div>\n\t\t\t\t<section class=\"elementor-section elementor-inner-section elementor-element elementor-element-2bec919 elementor-section-boxed elementor-section-height-default elementor-section-height-default\" data-id=\"2bec919\" data-element_type=\"section\">\n\t\t\t\t\t\t<div class=\"elementor-container elementor-column-gap-default\">\n\t\t\t\t\t<div class=\"elementor-column elementor-col-50 elementor-inner-column elementor-element elementor-element-02835ef\" data-id=\"02835ef\" data-element_type=\"column\">\n\t\t\t<div class=\"elementor-widget-wrap elementor-element-populated\">\n\t\t\t\t\t\t\t\t<div class=\"elementor-element elementor-element-5e30313 elementor-widget elementor-widget-heading\" data-id=\"5e30313\" data-element_type=\"widget\" data-widget_type=\"heading.default\">\n\t\t\t\t<div class=\"elementor-widget-container\">\n\t\t\t<h2 class=\"elementor-heading-title elementor-size-default\">Why do organizations need an identity and access management solution?<\/h2>\t\t<\/div>\n\t\t\t\t<\/div>\n\t\t\t\t\t<\/div>\n\t\t<\/div>\n\t\t\t\t<div class=\"elementor-column elementor-col-50 elementor-inner-column elementor-element elementor-element-8512d2c\" data-id=\"8512d2c\" data-element_type=\"column\">\n\t\t\t<div class=\"elementor-widget-wrap elementor-element-populated\">\n\t\t\t\t\t\t\t\t<div class=\"elementor-element elementor-element-fc34ca1 elementor-widget elementor-widget-text-editor\" data-id=\"fc34ca1\" data-element_type=\"widget\" data-widget_type=\"text-editor.default\">\n\t\t\t\t<div class=\"elementor-widget-container\">\n\t\t\t<style>\/*! elementor - v3.12.1 - 02-04-2023 *\/\n.elementor-widget-text-editor.elementor-drop-cap-view-stacked .elementor-drop-cap{background-color:#69727d;color:#fff}.elementor-widget-text-editor.elementor-drop-cap-view-framed .elementor-drop-cap{color:#69727d;border:3px solid;background-color:transparent}.elementor-widget-text-editor:not(.elementor-drop-cap-view-default) .elementor-drop-cap{margin-top:8px}.elementor-widget-text-editor:not(.elementor-drop-cap-view-default) .elementor-drop-cap-letter{width:1em;height:1em}.elementor-widget-text-editor .elementor-drop-cap{float:left;text-align:center;line-height:1;font-size:50px}.elementor-widget-text-editor .elementor-drop-cap-letter{display:inline-block}<\/style>\t\t\t\t<p>With the number of data breaches rising exponentially, organizations need to adopt governance practices and tools to prevent threats and increase operational efficiency. Gaining access to the corporate perimeter is easier than ever due to remote work. For many organizations, an enormous amount of the workload is stored and shared across a wide variety of on-premises and cloud applications. This is why many organizations use granular access control solutions to keep up with authentication demands.<\/p><p>Identity and access management (IAM) solutions help securely manage the digital identities of users. IAM encompasses three key components: identification, authentication, and authorization. Restricting access to business-critical resources and ensuring data protection can help IT admins track privileged access abuse. IAM solutions protect the organization against security incidents by setting parameters in the system to detect anomalous activities that otherwise go undetected. These IAM security features help with building effective security infrastructure.<\/p>\t\t\t\t\t\t<\/div>\n\t\t\t\t<\/div>\n\t\t\t\t\t<\/div>\n\t\t<\/div>\n\t\t\t\t\t\t\t<\/div>\n\t\t<\/section>\n\t\t\t\t\t<\/div>\n\t\t<\/div>\n\t\t\t\t\t\t\t<\/div>\n\t\t<\/section>\n\t\t\t\t<section class=\"elementor-section elementor-top-section elementor-element elementor-element-f232490 contact_us_banner elementor-section-boxed elementor-section-height-default elementor-section-height-default\" data-id=\"f232490\" data-element_type=\"section\" data-settings=\"{&quot;background_background&quot;:&quot;classic&quot;}\">\n\t\t\t\t\t\t<div class=\"elementor-container elementor-column-gap-default\">\n\t\t\t\t\t<div class=\"elementor-column elementor-col-50 elementor-top-column elementor-element elementor-element-196d5ae\" data-id=\"196d5ae\" data-element_type=\"column\">\n\t\t\t<div class=\"elementor-widget-wrap elementor-element-populated\">\n\t\t\t\t\t\t\t\t<div class=\"elementor-element elementor-element-dcc9806 elementor-widget elementor-widget-heading\" data-id=\"dcc9806\" data-element_type=\"widget\" data-widget_type=\"heading.default\">\n\t\t\t\t<div class=\"elementor-widget-container\">\n\t\t\t<h2 class=\"elementor-heading-title elementor-size-default\">Contact Us<\/h2>\t\t<\/div>\n\t\t\t\t<\/div>\n\t\t\t\t\t<\/div>\n\t\t<\/div>\n\t\t\t\t<div class=\"elementor-column elementor-col-50 elementor-top-column elementor-element elementor-element-a9e4dad\" data-id=\"a9e4dad\" data-element_type=\"column\">\n\t\t\t<div class=\"elementor-widget-wrap elementor-element-populated\">\n\t\t\t\t\t\t\t\t<div class=\"elementor-element elementor-element-fd18bd1 elementor-align-center elementor-widget elementor-widget-button\" data-id=\"fd18bd1\" data-element_type=\"widget\" data-widget_type=\"button.default\">\n\t\t\t\t<div class=\"elementor-widget-container\">\n\t\t\t\t\t<div class=\"elementor-button-wrapper\">\n\t\t\t<a href=\"https:\/\/www.itnow.com.tr\/en\/contact-us\/\" class=\"elementor-button-link elementor-button elementor-size-sm\" role=\"button\">\n\t\t\t\t\t\t<span class=\"elementor-button-content-wrapper\">\n\t\t\t\t\t\t<span class=\"elementor-button-text\">GET STARTED<\/span>\n\t\t<\/span>\n\t\t\t\t\t<\/a>\n\t\t<\/div>\n\t\t\t\t<\/div>\n\t\t\t\t<\/div>\n\t\t\t\t\t<\/div>\n\t\t<\/div>\n\t\t\t\t\t\t\t<\/div>\n\t\t<\/section>\n\t\t\t\t\t\t\t<\/div>","protected":false},"excerpt":{"rendered":"<p>Kimlik ve Eri\u015fim Y\u00f6netimi Kurulu\u015flar neden bir kimlik ve eri\u015fim y\u00f6netimi \u00e7\u00f6z\u00fcm\u00fcne ihtiya\u00e7 duyar? Veri ihlallerinin say\u0131s\u0131 katlanarak artarken, kurulu\u015flar\u0131n tehditleri \u00f6nlemek ve operasyonel verimlili\u011fi art\u0131rmak i\u00e7in y\u00f6netim uygulamalar\u0131n\u0131 ve ara\u00e7lar\u0131n\u0131 benimsemesi gerekiyor. Uzaktan \u00e7al\u0131\u015fma sayesinde kurumsal \u00e7evreye eri\u015fim elde etmek her zamankinden daha kolay oldu. Bir\u00e7ok kurulu\u015f i\u00e7in muazzam miktarda i\u015f y\u00fck\u00fc depolanabilir ve [&hellip;]<\/p>","protected":false},"author":2,"featured_media":0,"parent":0,"menu_order":0,"comment_status":"closed","ping_status":"open","template":"elementor_header_footer","meta":[],"_links":{"self":[{"href":"https:\/\/www.itnow.com.tr\/en\/wp-json\/wp\/v2\/pages\/1173"}],"collection":[{"href":"https:\/\/www.itnow.com.tr\/en\/wp-json\/wp\/v2\/pages"}],"about":[{"href":"https:\/\/www.itnow.com.tr\/en\/wp-json\/wp\/v2\/types\/page"}],"author":[{"embeddable":true,"href":"https:\/\/www.itnow.com.tr\/en\/wp-json\/wp\/v2\/users\/2"}],"replies":[{"embeddable":true,"href":"https:\/\/www.itnow.com.tr\/en\/wp-json\/wp\/v2\/comments?post=1173"}],"version-history":[{"count":28,"href":"https:\/\/www.itnow.com.tr\/en\/wp-json\/wp\/v2\/pages\/1173\/revisions"}],"predecessor-version":[{"id":1407,"href":"https:\/\/www.itnow.com.tr\/en\/wp-json\/wp\/v2\/pages\/1173\/revisions\/1407"}],"wp:attachment":[{"href":"https:\/\/www.itnow.com.tr\/en\/wp-json\/wp\/v2\/media?parent=1173"}],"curies":[{"name":"wp","href":"https:\/\/api.w.org\/{rel}","templated":true}]}}